{"id":737,"date":"2024-08-20T14:46:37","date_gmt":"2024-08-20T12:46:37","guid":{"rendered":"https:\/\/hatu.pl\/?post_type=product&#038;p=737"},"modified":"2026-04-02T10:14:17","modified_gmt":"2026-04-02T08:14:17","slug":"sypialny-dach-podnoszony-do-vana","status":"publish","type":"product","link":"https:\/\/hatu.pl\/index.php\/produkt\/sypialny-dach-podnoszony-do-vana\/","title":{"rendered":"Sypialny dach podnoszony do vana Volkswagen T5, T6, T6.1"},"content":{"rendered":"\t\t<div data-elementor-type=\"product-post\" data-elementor-id=\"737\" class=\"elementor elementor-737\" data-elementor-post-type=\"product\">\n\t\t\t\t<div class=\"elementor-element elementor-element-4ef39b56 e-flex e-con-boxed e-con e-parent\" data-id=\"4ef39b56\" data-element_type=\"container\" data-e-type=\"container\">\n\t\t\t\t\t<div class=\"e-con-inner\">\n\t\t\t\t<div class=\"elementor-element elementor-element-30a13ad0 elementor-widget elementor-widget-text-editor\" data-id=\"30a13ad0\" data-element_type=\"widget\" data-e-type=\"widget\" data-widget_type=\"text-editor.default\">\n\t\t\t\t<div class=\"elementor-widget-container\">\n\t\t\t\t\t\t\t\t\t<p><span style=\"font-weight: 400\">Je\u017celi uwielbiasz podr\u00f3\u017ce samochodem, a od spania w hotelach wolisz kempingi, to mamy dla Ciebie co\u015b wyj\u0105tkowego. Nasz sypialniany dach podnoszony Hatu Camp pozwoli Ci zamieni\u0107 vana Volkswagen T5, T6, T6.1 w kampera z mo\u017cliwo\u015bci\u0105 wygodnego spania. Sprawd\u017a, dlaczego to lepsze rozwi\u0105zanie ni\u017c zwyk\u0142y namiot!<\/span><\/p><h2><span style=\"font-weight: 400\">Dach sypialny do VW T5, czyli jak stworzy\u0107 kampera z namiotem na dachu<\/span><\/h2><p><span style=\"font-weight: 400\">Dach sypialny to spos\u00f3b na stworzenie dodatkowej sypialni, a tak\u017ce na umo\u017cliwienie stania w samochodzie. Namiot, w kt\u00f3ry wyposa\u017cony jest dach, charakteryzuje si\u0119 odporno\u015bci\u0105 na wod\u0119 i promienie UV, a na dodatek ma 10 mm izolacj\u0119 termiczn\u0105 pomi\u0119dzy warstwami laminatu. To wszystko sprawia, \u017ce spanie w nim jest przyjemne niezale\u017cnie od warunk\u00f3w atmosferycznych. Jednocze\u015bnie nie musisz si\u0119 martwi\u0107 o to, \u017ce b\u0119dzie duszno \u2013 \u015bwie\u017ce powietrze dostaje si\u0119 do \u015brodka poprzez otwory wentylacyjne. Wa\u017cny jest r\u00f3wnie\u017c fakt, \u017ce dach sypialny do VW T5, T6 i T6.1 po z\u0142o\u017ceniu podnosi wysoko\u015b\u0107 samochodu jedynie o 75 mm. Oznacza to, \u017ce nie b\u0119dzie sprawia\u0107 problemu przy przeje\u017adzie pod wiaduktami, wje\u017adzie na myjni\u0119 automatyczn\u0105 oraz na wi\u0119kszo\u015b\u0107 podziemnych parking\u00f3w. Kup dach podnoszony i zafunduj sobie komfortowy kemping!<\/span><\/p><h2><span style=\"font-weight: 400\">Dlaczego do VW T5 warto kupi\u0107 podnoszony dach?<\/span><\/h2><p><span style=\"font-weight: 400\">Je\u017celi kupisz dach podnoszony od Hatu Camp, to nigdy wi\u0119cej podczas spontanicznych podr\u00f3\u017cy nie b\u0119dziesz musia\u0142 martwi\u0107 si\u0119 noclegiem, a na kempingu przestaniesz obawia\u0107 si\u0119 ch\u0142odnych nocy czy dzikich zwierz\u0105t. Co w\u0142a\u015bciwie zyskasz, gdy zdecydujesz si\u0119 na ten produkt?\u00a0<\/span><\/p><ul><li style=\"font-weight: 400\"><span style=\"font-weight: 400\">Zwi\u0119kszona <\/span><span style=\"font-weight: 400\">przestrze\u0144 \u2013 podniesienie dachu zwi\u0119ksza przestrze\u0144 u\u017cytkow\u0105 wewn\u0105trz pojazdu, dzi\u0119ki czemu <\/span><span style=\"font-weight: 400\">mo\u017cna swobodnie sta\u0107, <\/span><span style=\"font-weight: 400\">a to<\/span><span style=\"font-weight: 400\"> znacz\u0105co poprawia komfort u\u017cytkowania kampera.<\/span><\/li><li style=\"font-weight: 400\"><span style=\"font-weight: 400\">Dodatkowa<\/span><span style=\"font-weight: 400\"> sypialnia \u2013 podnoszony<\/span><span style=\"font-weight: 400\"> dach jest wyposa\u017cony w dodatkowe \u0142\u00f3\u017cko, co pozwala <\/span><span style=\"font-weight: 400\">wi\u0119kszej liczbie os\u00f3b na spanie w poje\u017adzie<\/span><span style=\"font-weight: 400\">. To rozwi\u0105zanie idealne dla rodzin lub grup przyjaci\u00f3\u0142.<\/span><\/li><\/ul><h3><span style=\"font-weight: 400\">Jakie s\u0105 zalety dachu podnoszonego przeznaczonego do VW T5?<\/span><\/h3><ul><li style=\"font-weight: 400\"><span style=\"font-weight: 400\">Lepsza wentylacja i <\/span><span style=\"font-weight: 400\">\u015bwiat\u0142o \u2013 nasz<\/span><span style=\"font-weight: 400\"> dach ma okna i otwory wentylacyjne, kt\u00f3re zapewniaj\u0105 <\/span><span style=\"font-weight: 400\">optymalny<\/span><span style=\"font-weight: 400\"> przep\u0142yw powietrza i wi\u0119cej naturalnego \u015bwiat\u0142a w kamperze. <\/span><span style=\"font-weight: 400\">Dla maksymalnego komfortu okna wyposa\u017cone s\u0105 w moskitiery i wewn\u0119trzne zas\u0142ony b\u0142yskawiczne.<\/span><\/li><li style=\"font-weight: 400\"><span style=\"font-weight: 400\">Kompaktowo\u015b\u0107 \u2013 gdy<\/span><span style=\"font-weight: 400\"> dach jest opuszczony, kamper zachowuje sw\u00f3j oryginalny, kompaktowy rozmiar. To u\u0142atwia parkowanie i poruszanie si\u0119 w w\u0105skich miejscach.<\/span><\/li><li style=\"font-weight: 400\"><span style=\"font-weight: 400\">Aerodynamiczno\u015b\u0107 \u2013 nasz<\/span><span style=\"font-weight: 400\"> dach jest zaprojektowany w taki spos\u00f3b, aby minimalizowa\u0107 op\u00f3r powietrza, co poprawia wydajno\u015b\u0107 paliwow\u0105 pojazdu.<\/span><\/li><li style=\"font-weight: 400\"><span style=\"font-weight: 400\">Redukcja ha\u0142asu \u2013 produkt wyposa\u017cony jest w przedni\u0105 lotk\u0119, kt\u00f3ra odchyla strumie\u0144 powietrza tak, aby nie uderza\u0142 w przedni\u0105 kraw\u0119d\u017a dachu, dlatego nie musisz martwi\u0107 si\u0119, \u017ce w samochodzie b\u0119dzie s\u0142ycha\u0107 szum wiatru.<\/span><\/li><li style=\"font-weight: 400\"><span style=\"font-weight: 400\">\u0141atwo\u015b\u0107 <\/span><span style=\"font-weight: 400\">obs\u0142ugi \u2013 dach sypialny do VW T5, T6 i T6.1 <\/span><span style=\"font-weight: 400\">jest <\/span><span style=\"font-weight: 400\">lekki, dzi\u0119ki czemu <\/span><span style=\"font-weight: 400\">mo\u017cna go szybko i sprawnie podnie\u015b\u0107 oraz opu\u015bci\u0107.\u00a0<\/span><\/li><li style=\"font-weight: 400\"><span style=\"font-weight: 400\">Trwa\u0142o\u015b\u0107 i<\/span><span style=\"font-weight: 400\"> izolacja \u2013 podnoszony<\/span><span style=\"font-weight: 400\"> dach Hatu Camp jest wykonany z trwa\u0142ych materia\u0142\u00f3w <\/span><span style=\"font-weight: 400\">odpornych <\/span><span style=\"font-weight: 400\">na warunki atmosferyczne. Dodatkowo, nasze modele maj\u0105 dobr\u0105 izolacj\u0119, co pomaga utrzyma\u0107 odpowiedni\u0105 temperatur\u0119 wewn\u0105trz kampera.<\/span><\/li><li style=\"font-weight: 400\"><span style=\"font-weight: 400\">Niezale\u017cno\u015b\u0107 energetyczna \u2013 doposa\u017c sw\u00f3j dach w dedykowany panel solarny, kt\u00f3ry zapewni Ci pr\u0105d bez konieczno\u015bci szukania przy\u0142\u0105czy na kempingach.<\/span><\/li><\/ul><p><span style=\"font-weight: 400\">Te cechy sprawiaj\u0105, \u017ce podnoszony dach <\/span><span style=\"font-weight: 400\">do VW T5 <\/span><span style=\"font-weight: 400\">jest praktycznym i funkcjonalnym rozwi\u0105zaniem dla os\u00f3b chc\u0105cych podr\u00f3\u017cowa\u0107 kamperem <\/span><span style=\"font-weight: 400\">\u2013<\/span> <span style=\"font-weight: 400\">zapewnia<\/span><span style=\"font-weight: 400\"> dodatkow\u0105 przestrze\u0144 i komfort bez konieczno\u015bci rezygnacji z kompaktowych rozmiar\u00f3w pojazdu. <\/span><span style=\"font-weight: 400\">Skorzystaj z oferty i stw\u00f3rz razem z nami sw\u00f3j wymarzony kamper z podnoszonym dachem!<\/span><\/p><h2><span style=\"font-weight: 400\">Wyposa\u017c sw\u00f3j VW T5, T6 i T6.1 w dach podnoszony razem z Hatu Camp!<\/span><\/h2><p><span style=\"font-weight: 400\">Inwestycja w dach podnoszony to prze\u0142omowy moment dla ka\u017cdego posiadacza vana uwielbiaj\u0105cego kempingi. Dzi\u0119ki naszej konstrukcji Tw\u00f3j Volkswagen zyska zupe\u0142nie now\u0105 funkcjonalno\u015b\u0107: od dodatkowej wygodnej sypialni dla dw\u00f3ch os\u00f3b, po nieocenion\u0105 mo\u017cliwo\u015b\u0107 swobodnego stania wewn\u0105trz pojazdu podczas przebierania si\u0119. Mo\u017cesz zdecydowa\u0107 si\u0119 na dach bez \u0142\u00f3\u017cka, wariant z materacem albo z \u0142\u00f3\u017ckiem z elastycznych szczebelk\u00f3w. Oferujemy r\u00f3wnie\u017c us\u0142ug\u0119 monta\u017cu, dlatego wybieraj\u0105c nasz produkt, nie musisz szuka\u0107 \u017cadnej dodatkowej firmy. Sprawd\u017a r\u00f3wnie\u017c dodatki, kt\u00f3re proponujemy, np. panel solarny. Nie czekaj, a\u017c kolejna przygoda Ci\u0119 ominie \u2013 kup podnoszony dach do VW T5, T6 lub T6.1 i stw\u00f3rz sw\u00f3j wymarzony kamper ju\u017c teraz!<\/span><\/p><p><span style=\"font-weight: 400\">Dach w standardzie w kolorze szarym.<\/span><span style=\"font-weight: 400\"> Zach\u0119camy do zapoznania si\u0119 z pe\u0142n\u0105 ofert\u0105 produkt\u00f3w na <\/span><a href=\"https:\/\/hatu.pl\/index.php\/sklep\"><span style=\"font-weight: 400\">naszej stronie sklepu.<\/span><\/a><\/p><p><span style=\"font-weight: 400\">Zapraszamy r\u00f3wnie\u017c do odwiedzenia naszych profili na <\/span><a href=\"https:\/\/www.facebook.com\/hatucampsolutions\" target=\"_blank\" rel=\"noopener\"><span style=\"font-weight: 400\">Facebooku<\/span><\/a><span style=\"font-weight: 400\"> i<\/span><a href=\"https:\/\/www.instagram.com\/hatucampsolutions\/\" target=\"_blank\" rel=\"noopener\"><span style=\"font-weight: 400\"> Instagramie!<\/span><\/a><\/p>\t\t\t\t\t\t\t\t<\/div>\n\t\t\t\t<\/div>\n\t\t\t\t\t<\/div>\n\t\t\t\t<\/div>\n\t\t<div class=\"elementor-element elementor-element-6fc1c57 e-flex e-con-boxed e-con e-parent\" data-id=\"6fc1c57\" data-element_type=\"container\" data-e-type=\"container\">\n\t\t\t\t\t<div class=\"e-con-inner\">\n\t\t\t\t\t<\/div>\n\t\t\t\t<\/div>\n\t\t\t\t<\/div>\n\t\t","protected":false},"excerpt":{"rendered":"<p>Je\u017celi uwielbiasz podr\u00f3\u017ce samochodem, a od spania w hotelach wolisz kempingi, to mamy dla Ciebie co\u015b wyj\u0105tkowego. Nasz sypialniany dach [&hellip;]<\/p>\n","protected":false},"featured_media":810,"comment_status":"open","ping_status":"closed","template":"","meta":{"site-sidebar-layout":"default","site-content-layout":"","ast-site-content-layout":"default","site-content-style":"default","site-sidebar-style":"default","ast-global-header-display":"","ast-banner-title-visibility":"","ast-main-header-display":"","ast-hfb-above-header-display":"","ast-hfb-below-header-display":"","ast-hfb-mobile-header-display":"","site-post-title":"","ast-breadcrumbs-content":"","ast-featured-img":"","footer-sml-layout":"","ast-disable-related-posts":"","theme-transparent-header-meta":"default","adv-header-id-meta":"","stick-header-meta":"","header-above-stick-meta":"","header-main-stick-meta":"","header-below-stick-meta":"","astra-migrate-meta-layouts":"set","ast-page-background-enabled":"default","ast-page-background-meta":{"desktop":{"background-color":"var(--ast-global-color-4)","background-image":"","background-repeat":"repeat","background-position":"center center","background-size":"auto","background-attachment":"scroll","background-type":"","background-media":"","overlay-type":"","overlay-color":"","overlay-opacity":"","overlay-gradient":""},"tablet":{"background-color":"","background-image":"","background-repeat":"repeat","background-position":"center center","background-size":"auto","background-attachment":"scroll","background-type":"","background-media":"","overlay-type":"","overlay-color":"","overlay-opacity":"","overlay-gradient":""},"mobile":{"background-color":"","background-image":"","background-repeat":"repeat","background-position":"center center","background-size":"auto","background-attachment":"scroll","background-type":"","background-media":"","overlay-type":"","overlay-color":"","overlay-opacity":"","overlay-gradient":""}},"ast-content-background-meta":{"desktop":{"background-color":"var(--ast-global-color-5)","background-image":"","background-repeat":"repeat","background-position":"center center","background-size":"auto","background-attachment":"scroll","background-type":"","background-media":"","overlay-type":"","overlay-color":"","overlay-opacity":"","overlay-gradient":""},"tablet":{"background-color":"var(--ast-global-color-5)","background-image":"","background-repeat":"repeat","background-position":"center center","background-size":"auto","background-attachment":"scroll","background-type":"","background-media":"","overlay-type":"","overlay-color":"","overlay-opacity":"","overlay-gradient":""},"mobile":{"background-color":"var(--ast-global-color-5)","background-image":"","background-repeat":"repeat","background-position":"center center","background-size":"auto","background-attachment":"scroll","background-type":"","background-media":"","overlay-type":"","overlay-color":"","overlay-opacity":"","overlay-gradient":""}}},"product_brand":[265],"product_cat":[49],"product_tag":[309,310,311],"class_list":{"0":"post-737","1":"product","2":"type-product","3":"status-publish","4":"has-post-thumbnail","6":"product_brand-hatu","7":"product_cat-dachy-podnoszone","8":"product_tag-lozko","9":"product_tag-montaz","10":"product_tag-panele","11":"product_shipping_class-dachy","12":"pa_kolor-bialy","13":"pa_kolor-czarny","14":"pa_marka-samochodu-vw","15":"pa_model-caravelle","16":"pa_model-multivan","17":"pa_model-transporter","18":"pa_model-vw-t5","19":"pa_model-vw-t6","20":"pa_model-vw-t6-1","21":"pa_samoch-l1-short-swb","22":"pa_samoch-l2-long-lwb","23":"desktop-align-center","24":"tablet-align-left","25":"mobile-align-left","27":"first","28":"instock","29":"taxable","30":"shipping-taxable","31":"purchasable","32":"product-type-variable","33":"has-default-attributes"},"_links":{"self":[{"href":"https:\/\/hatu.pl\/index.php\/wp-json\/wp\/v2\/product\/737","targetHints":{"allow":["GET"]}}],"collection":[{"href":"https:\/\/hatu.pl\/index.php\/wp-json\/wp\/v2\/product"}],"about":[{"href":"https:\/\/hatu.pl\/index.php\/wp-json\/wp\/v2\/types\/product"}],"replies":[{"embeddable":true,"href":"https:\/\/hatu.pl\/index.php\/wp-json\/wp\/v2\/comments?post=737"}],"version-history":[{"count":13,"href":"https:\/\/hatu.pl\/index.php\/wp-json\/wp\/v2\/product\/737\/revisions"}],"predecessor-version":[{"id":5835,"href":"https:\/\/hatu.pl\/index.php\/wp-json\/wp\/v2\/product\/737\/revisions\/5835"}],"wp:featuredmedia":[{"embeddable":true,"href":"https:\/\/hatu.pl\/index.php\/wp-json\/wp\/v2\/media\/810"}],"wp:attachment":[{"href":"https:\/\/hatu.pl\/index.php\/wp-json\/wp\/v2\/media?parent=737"}],"wp:term":[{"taxonomy":"product_brand","embeddable":true,"href":"https:\/\/hatu.pl\/index.php\/wp-json\/wp\/v2\/product_brand?post=737"},{"taxonomy":"product_cat","embeddable":true,"href":"https:\/\/hatu.pl\/index.php\/wp-json\/wp\/v2\/product_cat?post=737"},{"taxonomy":"product_tag","embeddable":true,"href":"https:\/\/hatu.pl\/index.php\/wp-json\/wp\/v2\/product_tag?post=737"}],"curies":[{"name":"wp","href":"https:\/\/api.w.org\/{rel}","templated":true}]}}