{"id":764,"date":"2024-09-26T12:45:02","date_gmt":"2024-09-26T10:45:02","guid":{"rendered":"https:\/\/hatu.pl\/index.php\/produkt\/tasma-termo-akustyczna-z-naturalnej-welny-owczej-10cm-x-4cm\/"},"modified":"2025-12-10T11:29:18","modified_gmt":"2025-12-10T10:29:18","slug":"tasma-izolacyjna-termiczno-akustyczna","status":"publish","type":"product","link":"https:\/\/hatu.pl\/index.php\/produkt\/tasma-izolacyjna-termiczno-akustyczna\/","title":{"rendered":"Ta\u015bma izolacyjna termiczno-akustyczna z naturalnej we\u0142ny owczej (10cm x 3cm)"},"content":{"rendered":"<h5>Ta\u015bma izolacyjna termiczno-akustyczna<\/h5>\n<p>Idealna do uszczelniania szczelin, szpar i po\u0142\u0105cze\u0144 ciesielskich.<\/p>\n<p>Izolacja \u0142atwo si\u0119 uk\u0142ada, jest spr\u0119\u017cysta, \u0142atwa w obr\u00f3bce.<br \/>\nProponowana we\u0142na owcza jest produktem do izolacji termicznej i akustycznej wykonanym w 100% z naturalnej we\u0142ny owczej.<\/p>\n<p>Najcz\u0119stszym zastosowaniem dla naszej ta\u015bmy jest wype\u0142nianie szczelin w konstrukcjach drewnianych, szczelin wok\u00f3\u0142 okien i drzwi, izolacja wok\u00f3\u0142 okien dachowych, uszczelnianie bali drewnianych.<br \/>\nProponowana we\u0142na owcza jest produktem do izolacji termicznej i akustycznej wykonanym w 100% z naturalnej we\u0142ny owczej.<\/p>\n<p>Najcz\u0119stszym zastosowaniem dla naszej ta\u015bmy jest wype\u0142nianie szczelin w konstrukcjach drewnianych, szczelin wok\u00f3\u0142 okien i drzwi, izolacja wok\u00f3\u0142 okien dachowych, uszczelnianie bali drewnianych.<\/p>\n<p>Oferujemy profesjonaln\u0105 us\u0142ug\u0119 izolacji korkiem, we\u0142n\u0105 oraz filcem \u2013 Pogl\u0105dowy koszt pe\u0142nej izolacji korkiem i we\u0142n\u0105 dla pojazd\u00f3w typu Transporter T5\/T6 wynosi od 2500 do 3000 z\u0142.\u00a0<span style=\"font-style: inherit; font-weight: inherit;\">Wi\u0119cej informacji znajdziesz na naszej stronie oraz z link\u00f3w poni\u017cej<\/span><\/p>\n<p style=\"text-align: center;\">\ud83d\udc11\u00a0 <a href=\"https:\/\/hatu.pl\/index.php\/izolacja-welna-korek\/\" target=\"_blank\" rel=\"noopener\">Izolacja korkiem i we\u0142n\u0105 <\/a>\ud83d\udc11<\/p>\n<p style=\"text-align: center;\">\ud83e\uddf5 <a href=\"https:\/\/hatu.pl\/index.php\/wykonczenie-wnetrza-filcem\/\" target=\"_blank\" rel=\"noopener\">Filcowanie<\/a>\u00a0 \ud83e\uddf5<\/p>\n<p>&nbsp;<\/p>\n<p>Zapraszamy r\u00f3wnie\u017c do odwiedzenia naszych profili na <a href=\"https:\/\/www.facebook.com\/hatucampsolutions\" target=\"_blank\" rel=\"noopener\">Facebooku<\/a> i <a href=\"https:\/\/www.instagram.com\/hatucampsolutions\/\" target=\"_blank\" rel=\"noopener\">Instagramie!<\/a><\/p>\n","protected":false},"excerpt":{"rendered":"<p>Ta\u015bma izolacyjna termiczno-akustyczna z we\u0142ny owczej 20m x 10cm x 4cm to wysokiej jako\u015bci, termiczno-akustyczna izolacja wykonana w 100% z naturalnej we\u0142ny owczej.<\/p>\n<p>Nasza ta\u015bma doskonale sprawdza si\u0119 w usuwaniu szczelin, szpar i po\u0142\u0105cze\u0144 ciesielskich. Jej spr\u0119\u017cysto\u015b\u0107 oraz \u0142atwo\u015b\u0107 w obr\u00f3bce sprawiaj\u0105, \u017ce jest idealnym rozwi\u0105zaniem do izolacji termicznej i akustycznej.<\/p>\n<p>Oferowana we\u0142na owcza posiada g\u0119sto\u015b\u0107 20 kg\/m3, co zapewnia niezawodne w\u0142a\u015bciwo\u015bci izolacyjne. Produkt jest \u0142atwy do u\u0142o\u017cenia i mo\u017cna go dostosowa\u0107 do r\u00f3\u017cnych powierzchni.<\/p>\n<p>Najcz\u0119stsze zastosowania dla naszej ta\u015bmy to wype\u0142nianie szczelin w konstrukcjach drewnianych, izolacja wok\u00f3\u0142 okien i drzwi, a tak\u017ce uszczelnianie bali drewnianych.<\/p>\n<p>Zapewniamy, \u017ce nasza ta\u015bma izolacyjna spe\u0142nia najwy\u017csze standardy jako\u015bci, co gwarantuje trwa\u0142o\u015b\u0107 i skuteczno\u015b\u0107 jej zastosowania. Dzi\u0119ki niej b\u0119dziesz cieszy\u0107 si\u0119 zwi\u0119kszonym komfortem termicznym i akustycznym w swoim domu lub biurze.<\/p>\n<p>&nbsp;<\/p>\n","protected":false},"featured_media":760,"comment_status":"open","ping_status":"closed","template":"","meta":{"site-sidebar-layout":"default","site-content-layout":"","ast-site-content-layout":"default","site-content-style":"default","site-sidebar-style":"default","ast-global-header-display":"","ast-banner-title-visibility":"","ast-main-header-display":"","ast-hfb-above-header-display":"","ast-hfb-below-header-display":"","ast-hfb-mobile-header-display":"","site-post-title":"","ast-breadcrumbs-content":"","ast-featured-img":"","footer-sml-layout":"","theme-transparent-header-meta":"default","adv-header-id-meta":"","stick-header-meta":"","header-above-stick-meta":"","header-main-stick-meta":"","header-below-stick-meta":"","astra-migrate-meta-layouts":"set","ast-page-background-enabled":"default","ast-page-background-meta":{"desktop":{"background-color":"var(--ast-global-color-4)","background-image":"","background-repeat":"repeat","background-position":"center center","background-size":"auto","background-attachment":"scroll","background-type":"","background-media":"","overlay-type":"","overlay-color":"","overlay-opacity":"","overlay-gradient":""},"tablet":{"background-color":"","background-image":"","background-repeat":"repeat","background-position":"center center","background-size":"auto","background-attachment":"scroll","background-type":"","background-media":"","overlay-type":"","overlay-color":"","overlay-opacity":"","overlay-gradient":""},"mobile":{"background-color":"","background-image":"","background-repeat":"repeat","background-position":"center center","background-size":"auto","background-attachment":"scroll","background-type":"","background-media":"","overlay-type":"","overlay-color":"","overlay-opacity":"","overlay-gradient":""}},"ast-content-background-meta":{"desktop":{"background-color":"var(--ast-global-color-5)","background-image":"","background-repeat":"repeat","background-position":"center center","background-size":"auto","background-attachment":"scroll","background-type":"","background-media":"","overlay-type":"","overlay-color":"","overlay-opacity":"","overlay-gradient":""},"tablet":{"background-color":"var(--ast-global-color-5)","background-image":"","background-repeat":"repeat","background-position":"center center","background-size":"auto","background-attachment":"scroll","background-type":"","background-media":"","overlay-type":"","overlay-color":"","overlay-opacity":"","overlay-gradient":""},"mobile":{"background-color":"var(--ast-global-color-5)","background-image":"","background-repeat":"repeat","background-position":"center center","background-size":"auto","background-attachment":"scroll","background-type":"","background-media":"","overlay-type":"","overlay-color":"","overlay-opacity":"","overlay-gradient":""}}},"product_brand":[265],"product_cat":[53],"product_tag":[],"class_list":{"0":"post-764","1":"product","2":"type-product","3":"status-publish","4":"has-post-thumbnail","6":"product_brand-hatu","7":"product_cat-welna-owcza","8":"product_shipping_class-male-paczki","9":"pa_blvariant-20-m","10":"pa_blvariant-50-m","11":"desktop-align-center","12":"tablet-align-left","13":"mobile-align-left","15":"first","16":"instock","17":"taxable","18":"shipping-taxable","19":"purchasable","20":"product-type-variable","21":"has-default-attributes"},"_links":{"self":[{"href":"https:\/\/hatu.pl\/index.php\/wp-json\/wp\/v2\/product\/764","targetHints":{"allow":["GET"]}}],"collection":[{"href":"https:\/\/hatu.pl\/index.php\/wp-json\/wp\/v2\/product"}],"about":[{"href":"https:\/\/hatu.pl\/index.php\/wp-json\/wp\/v2\/types\/product"}],"replies":[{"embeddable":true,"href":"https:\/\/hatu.pl\/index.php\/wp-json\/wp\/v2\/comments?post=764"}],"version-history":[{"count":8,"href":"https:\/\/hatu.pl\/index.php\/wp-json\/wp\/v2\/product\/764\/revisions"}],"predecessor-version":[{"id":4784,"href":"https:\/\/hatu.pl\/index.php\/wp-json\/wp\/v2\/product\/764\/revisions\/4784"}],"wp:featuredmedia":[{"embeddable":true,"href":"https:\/\/hatu.pl\/index.php\/wp-json\/wp\/v2\/media\/760"}],"wp:attachment":[{"href":"https:\/\/hatu.pl\/index.php\/wp-json\/wp\/v2\/media?parent=764"}],"wp:term":[{"taxonomy":"product_brand","embeddable":true,"href":"https:\/\/hatu.pl\/index.php\/wp-json\/wp\/v2\/product_brand?post=764"},{"taxonomy":"product_cat","embeddable":true,"href":"https:\/\/hatu.pl\/index.php\/wp-json\/wp\/v2\/product_cat?post=764"},{"taxonomy":"product_tag","embeddable":true,"href":"https:\/\/hatu.pl\/index.php\/wp-json\/wp\/v2\/product_tag?post=764"}],"curies":[{"name":"wp","href":"https:\/\/api.w.org\/{rel}","templated":true}]}}