{"id":769,"date":"2024-09-26T12:45:12","date_gmt":"2024-09-26T10:45:12","guid":{"rendered":"https:\/\/hatu.pl\/index.php\/produkt\/sznur-termo-akustyczny-z-naturalnej-welny-owczej-sr-4cm\/"},"modified":"2026-04-13T14:57:39","modified_gmt":"2026-04-13T12:57:39","slug":"sznur-izolacyjny-termiczno-akustyczny","status":"publish","type":"product","link":"https:\/\/hatu.pl\/index.php\/produkt\/sznur-izolacyjny-termiczno-akustyczny\/","title":{"rendered":"Sznur izolacyjny termiczno-akustyczny z naturalnej we\u0142ny owczej (\u015br 4cm)"},"content":{"rendered":"\t\t<div data-elementor-type=\"product-post\" data-elementor-id=\"769\" class=\"elementor elementor-769\" data-elementor-post-type=\"product\">\n\t\t\t\t<div class=\"elementor-element elementor-element-7009b178 e-flex e-con-boxed e-con e-parent\" data-id=\"7009b178\" data-element_type=\"container\" data-e-type=\"container\">\n\t\t\t\t\t<div class=\"e-con-inner\">\n\t\t\t\t<div class=\"elementor-element elementor-element-593eb47e elementor-widget elementor-widget-text-editor\" data-id=\"593eb47e\" data-element_type=\"widget\" data-e-type=\"widget\" data-widget_type=\"text-editor.default\">\n\t\t\t\t<div class=\"elementor-widget-container\">\n\t\t\t\t\t\t\t\t\t<h5>Sznur izolacyjny termiczno-akustyczny wykonany w 100% z we\u0142ny owczej.<\/h5><p>Rozwi\u0105zanie to idealnie sprawdza si\u0119 wsz\u0119dzie tam gdzie zaizolowania wymagaj\u0105 trudno dost\u0119pne przestrzenie. Warkocz \u0142atwo si\u0119 uk\u0142ada, jest spr\u0119\u017cysty i idealnie wype\u0142nia przestrze\u0144.<\/p><p>20 mb to 600g we\u0142ny. \u015arednica sznura to 40 mm.<\/p><p>G\u0119sto\u015b\u0107 18kg\/m3<\/p><h5>Sznur z we\u0142ny owczej<\/h5><p>W odr\u00f3\u017cnieniu od we\u0142ny mineralnej we\u0142na owcza zachowuje swoje w\u0142a\u015bciwo\u015bci nawet jak wch\u0142onie wilgo\u0107. A w por\u00f3wnaniu do stosowanych najcz\u0119\u015bciej w kamperach izolacji z pianki kauczukowej naturalna we\u0142na owcza jest neutralna dla zdrowia i w mocno nagrzanym pomieszczeniu nie wydziela toksyn. Stosujemy j\u0105 z powodzeniem w przer\u00f3bkach samochod\u00f3w dostawczych na kampery. Produkt sprawdzi si\u0119 idealnie r\u00f3wnie\u017c w izolacji poddaszy a w szczeg\u00f3lno\u015bci przy obr\u00f3bce okien i innych trudno dost\u0119pnych szczelin. Ze wzgl\u0119du na w\u0142a\u015bciwo\u015bci t\u0142umi\u0105ce d\u017awi\u0119k i redukuj\u0105ce drgania. Produkt ten cieszy si\u0119 zainteresowaniem w\u015br\u00f3d akustyk\u00f3w i konstruktor\u00f3w sprz\u0119tu audio. We\u0142na jest zabezpieczona neutralnym dla zdrowia \u015brodkiem owadob\u00f3jczym.<\/p><p><strong>Sznur mo\u017ce si\u0119 r\u00f3\u017cni\u0107 kolorem zale\u017cnie od dostawy producenta. Aktualny kolor dla sprzeda\u017cy: szary<\/strong><\/p><p>Oferujemy profesjonaln\u0105 us\u0142ug\u0119 izolacji korkiem, we\u0142n\u0105 oraz filcem \u2013 Pogl\u0105dowy koszt pe\u0142nej izolacji korkiem i we\u0142n\u0105 dla pojazd\u00f3w typu Transporter T5\/T6 wynosi od 2500 do 3000 z\u0142.\u00a0<span style=\"font-style: inherit; font-weight: inherit;\">Wi\u0119cej informacji znajdziesz na naszej stronie oraz z link\u00f3w poni\u017cej<\/span><\/p><p style=\"text-align: center;\">\ud83d\udc11\u00a0 <a href=\"https:\/\/hatu.pl\/index.php\/izolacja-welna-korek\/\" target=\"_blank\" rel=\"noopener\">Izolacja korkiem i we\u0142n\u0105 <\/a>\ud83d\udc11<\/p><p style=\"text-align: center;\">\ud83e\uddf5 <a href=\"https:\/\/hatu.pl\/index.php\/wykonczenie-wnetrza-filcem\/\" target=\"_blank\" rel=\"noopener\">Filcowanie<\/a>\u00a0 \ud83e\uddf5<\/p><p>Zapraszamy r\u00f3wnie\u017c do odwiedzenia naszych profili na <a href=\"https:\/\/www.facebook.com\/hatucampsolutions\" target=\"_blank\" rel=\"noopener\">Facebooku<\/a> i <a href=\"https:\/\/www.instagram.com\/hatucampsolutions\/\" target=\"_blank\" rel=\"noopener\">Instagramie!<\/a><\/p>\t\t\t\t\t\t\t\t<\/div>\n\t\t\t\t<\/div>\n\t\t\t\t\t<\/div>\n\t\t\t\t<\/div>\n\t\t\t\t<\/div>\n\t\t","protected":false},"excerpt":{"rendered":"<p>Sznur izolacyjny termiczno-akustyczny wykonany w 100% z we\u0142ny owczej. Rozwi\u0105zanie to idealnie sprawdza si\u0119 wsz\u0119dzie tam gdzie zaizolowania wymagaj\u0105 trudno [&hellip;]<\/p>\n","protected":false},"featured_media":768,"comment_status":"open","ping_status":"closed","template":"","meta":{"site-sidebar-layout":"default","site-content-layout":"","ast-site-content-layout":"default","site-content-style":"default","site-sidebar-style":"default","ast-global-header-display":"","ast-banner-title-visibility":"","ast-main-header-display":"","ast-hfb-above-header-display":"","ast-hfb-below-header-display":"","ast-hfb-mobile-header-display":"","site-post-title":"","ast-breadcrumbs-content":"","ast-featured-img":"","footer-sml-layout":"","theme-transparent-header-meta":"default","adv-header-id-meta":"","stick-header-meta":"","header-above-stick-meta":"","header-main-stick-meta":"","header-below-stick-meta":"","astra-migrate-meta-layouts":"set","ast-page-background-enabled":"default","ast-page-background-meta":{"desktop":{"background-color":"var(--ast-global-color-4)","background-image":"","background-repeat":"repeat","background-position":"center center","background-size":"auto","background-attachment":"scroll","background-type":"","background-media":"","overlay-type":"","overlay-color":"","overlay-opacity":"","overlay-gradient":""},"tablet":{"background-color":"","background-image":"","background-repeat":"repeat","background-position":"center center","background-size":"auto","background-attachment":"scroll","background-type":"","background-media":"","overlay-type":"","overlay-color":"","overlay-opacity":"","overlay-gradient":""},"mobile":{"background-color":"","background-image":"","background-repeat":"repeat","background-position":"center center","background-size":"auto","background-attachment":"scroll","background-type":"","background-media":"","overlay-type":"","overlay-color":"","overlay-opacity":"","overlay-gradient":""}},"ast-content-background-meta":{"desktop":{"background-color":"var(--ast-global-color-5)","background-image":"","background-repeat":"repeat","background-position":"center center","background-size":"auto","background-attachment":"scroll","background-type":"","background-media":"","overlay-type":"","overlay-color":"","overlay-opacity":"","overlay-gradient":""},"tablet":{"background-color":"var(--ast-global-color-5)","background-image":"","background-repeat":"repeat","background-position":"center center","background-size":"auto","background-attachment":"scroll","background-type":"","background-media":"","overlay-type":"","overlay-color":"","overlay-opacity":"","overlay-gradient":""},"mobile":{"background-color":"var(--ast-global-color-5)","background-image":"","background-repeat":"repeat","background-position":"center center","background-size":"auto","background-attachment":"scroll","background-type":"","background-media":"","overlay-type":"","overlay-color":"","overlay-opacity":"","overlay-gradient":""}}},"product_brand":[265],"product_cat":[53],"product_tag":[],"class_list":{"0":"post-769","1":"product","2":"type-product","3":"status-publish","4":"has-post-thumbnail","6":"product_brand-hatu","7":"product_cat-welna-owcza","8":"product_shipping_class-male-paczki","9":"pa_blvariant-20-m","10":"pa_blvariant-50-m","11":"desktop-align-center","12":"tablet-align-left","13":"mobile-align-left","15":"first","16":"instock","17":"taxable","18":"shipping-taxable","19":"purchasable","20":"product-type-variable","21":"has-default-attributes"},"_links":{"self":[{"href":"https:\/\/hatu.pl\/index.php\/wp-json\/wp\/v2\/product\/769","targetHints":{"allow":["GET"]}}],"collection":[{"href":"https:\/\/hatu.pl\/index.php\/wp-json\/wp\/v2\/product"}],"about":[{"href":"https:\/\/hatu.pl\/index.php\/wp-json\/wp\/v2\/types\/product"}],"replies":[{"embeddable":true,"href":"https:\/\/hatu.pl\/index.php\/wp-json\/wp\/v2\/comments?post=769"}],"version-history":[{"count":17,"href":"https:\/\/hatu.pl\/index.php\/wp-json\/wp\/v2\/product\/769\/revisions"}],"predecessor-version":[{"id":4782,"href":"https:\/\/hatu.pl\/index.php\/wp-json\/wp\/v2\/product\/769\/revisions\/4782"}],"wp:featuredmedia":[{"embeddable":true,"href":"https:\/\/hatu.pl\/index.php\/wp-json\/wp\/v2\/media\/768"}],"wp:attachment":[{"href":"https:\/\/hatu.pl\/index.php\/wp-json\/wp\/v2\/media?parent=769"}],"wp:term":[{"taxonomy":"product_brand","embeddable":true,"href":"https:\/\/hatu.pl\/index.php\/wp-json\/wp\/v2\/product_brand?post=769"},{"taxonomy":"product_cat","embeddable":true,"href":"https:\/\/hatu.pl\/index.php\/wp-json\/wp\/v2\/product_cat?post=769"},{"taxonomy":"product_tag","embeddable":true,"href":"https:\/\/hatu.pl\/index.php\/wp-json\/wp\/v2\/product_tag?post=769"}],"curies":[{"name":"wp","href":"https:\/\/api.w.org\/{rel}","templated":true}]}}