{"id":775,"date":"2024-09-26T12:45:20","date_gmt":"2024-09-26T10:45:20","guid":{"rendered":"https:\/\/hatu.pl\/index.php\/produkt\/mata-termiczno-akustyczna-z-welny-owczej-25mm-x-950mm\/"},"modified":"2026-01-22T10:25:09","modified_gmt":"2026-01-22T09:25:09","slug":"mata-termiczno-akustyczna-z-welny-owczej","status":"publish","type":"product","link":"https:\/\/hatu.pl\/index.php\/produkt\/mata-termiczno-akustyczna-z-welny-owczej\/","title":{"rendered":"Mata termiczno-akustyczna z we\u0142ny owczej 25mm x 950mm"},"content":{"rendered":"<h5>Przedmiotem sprzeda\u017cy jest izolacyjna mata termiczno-akustyczna wykonana w 100% z we\u0142ny owczej.<\/h5>\n<p>Idealna do izolacji du\u017cych \u0142atwo dost\u0119pnych powierzchni. Izolacja \u0142atwo si\u0119 uk\u0142ada, jest spr\u0119\u017cysta.<\/p>\n<p>1mb to 1kg we\u0142ny. Szeroko\u015b\u0107 maty 95cm. Grubo\u015b\u0107 maty 25mm. G\u0119sto\u015b\u0107 1m3 maty to 40kg.<\/p>\n<h5>Mata z we\u0142ny owczej<\/h5>\n<p>W odr\u00f3\u017cnieniu od we\u0142ny mineralnej we\u0142na owcza zachowuje swoje w\u0142a\u015bciwo\u015bci nawet jak wch\u0142onie wilgo\u0107. A w por\u00f3wnaniu do stosowanych najcz\u0119\u015bciej w kamperach izolacji z pianki kauczukowej naturalna we\u0142na owcza jest neutralna dla zdrowia i w mocno nagrzanym pomieszczeniu nie wydziela toksyn. Stosujemy j\u0105 z powodzeniem w przer\u00f3bkach samochod\u00f3w dostawczych na kampery. Produkt sprawdzi si\u0119 idealnie r\u00f3wnie\u017c w izolacji poddaszy i w budownictwie ekologicznym. Produkt ten cieszy si\u0119 zainteresowaniem w\u015br\u00f3d akustyk\u00f3w. We\u0142na jest zabezpieczona neutralnym dla zdrowia \u015brodkiem owadob\u00f3jczym.<\/p>\n<p>W przeciwie\u0144stwie do w\u0142\u00f3kien syntetycznych nie topi si\u0119 pod wp\u0142ywem wysokich temperatur. Jest najmniej \u0142atwopalna i najbezpieczniejsza, nie rozprzestrzenia ognia \u2013 jest samogasz\u0105ca. Materia\u0142 charakteryzuje si\u0119 bardzo \u0142atw\u0105 obr\u00f3bk\u0105. Obci\u0119ta kraw\u0119d\u017a nie strz\u0119pi si\u0119 oraz nie pyli.<\/p>\n<p>&nbsp;<\/p>\n<p>Oferujemy profesjonaln\u0105 us\u0142ug\u0119 izolacji korkiem, we\u0142n\u0105 oraz filcem \u2013 Pogl\u0105dowy koszt pe\u0142nej izolacji korkiem i we\u0142n\u0105 dla pojazd\u00f3w typu Transporter T5\/T6 wynosi od 2500 do 3000 z\u0142.\u00a0<span style=\"font-style: inherit; font-weight: inherit;\">Wi\u0119cej informacji znajdziesz na naszej stronie oraz z link\u00f3w poni\u017cej<\/span><\/p>\n<p style=\"text-align: center;\">\ud83d\udc11\u00a0 <a href=\"https:\/\/hatu.pl\/index.php\/izolacja-welna-korek\/\" target=\"_blank\" rel=\"noopener\">Izolacja korkiem i we\u0142n\u0105 <\/a>\ud83d\udc11<\/p>\n<p style=\"text-align: center;\">\ud83e\uddf5 <a href=\"https:\/\/hatu.pl\/index.php\/wykonczenie-wnetrza-filcem\/\" target=\"_blank\" rel=\"noopener\">Filcowanie<\/a>\u00a0 \ud83e\uddf5<\/p>\n<p>Zapraszamy r\u00f3wnie\u017c do odwiedzenia naszych profili na <a href=\"https:\/\/www.facebook.com\/hatucampsolutions\" target=\"_blank\" rel=\"noopener\">Facebooku<\/a> i <a href=\"https:\/\/www.instagram.com\/hatucampsolutions\/\" target=\"_blank\" rel=\"noopener\">Instagramie!<\/a><\/p>\n","protected":false},"excerpt":{"rendered":"<p>Przedmiotem sprzeda\u017cy jest izolacyjna mata termiczno-akustyczna wykonana w 100% z we\u0142ny owczej. Idealna do izolacji du\u017cych \u0142atwo dost\u0119pnych powierzchni. Izolacja [&hellip;]<\/p>\n","protected":false},"featured_media":773,"comment_status":"open","ping_status":"closed","template":"","meta":{"site-sidebar-layout":"default","site-content-layout":"","ast-site-content-layout":"default","site-content-style":"default","site-sidebar-style":"default","ast-global-header-display":"","ast-banner-title-visibility":"","ast-main-header-display":"","ast-hfb-above-header-display":"","ast-hfb-below-header-display":"","ast-hfb-mobile-header-display":"","site-post-title":"","ast-breadcrumbs-content":"","ast-featured-img":"","footer-sml-layout":"","theme-transparent-header-meta":"default","adv-header-id-meta":"","stick-header-meta":"","header-above-stick-meta":"","header-main-stick-meta":"","header-below-stick-meta":"","astra-migrate-meta-layouts":"set","ast-page-background-enabled":"default","ast-page-background-meta":{"desktop":{"background-color":"var(--ast-global-color-4)","background-image":"","background-repeat":"repeat","background-position":"center center","background-size":"auto","background-attachment":"scroll","background-type":"","background-media":"","overlay-type":"","overlay-color":"","overlay-opacity":"","overlay-gradient":""},"tablet":{"background-color":"","background-image":"","background-repeat":"repeat","background-position":"center center","background-size":"auto","background-attachment":"scroll","background-type":"","background-media":"","overlay-type":"","overlay-color":"","overlay-opacity":"","overlay-gradient":""},"mobile":{"background-color":"","background-image":"","background-repeat":"repeat","background-position":"center center","background-size":"auto","background-attachment":"scroll","background-type":"","background-media":"","overlay-type":"","overlay-color":"","overlay-opacity":"","overlay-gradient":""}},"ast-content-background-meta":{"desktop":{"background-color":"var(--ast-global-color-5)","background-image":"","background-repeat":"repeat","background-position":"center center","background-size":"auto","background-attachment":"scroll","background-type":"","background-media":"","overlay-type":"","overlay-color":"","overlay-opacity":"","overlay-gradient":""},"tablet":{"background-color":"var(--ast-global-color-5)","background-image":"","background-repeat":"repeat","background-position":"center center","background-size":"auto","background-attachment":"scroll","background-type":"","background-media":"","overlay-type":"","overlay-color":"","overlay-opacity":"","overlay-gradient":""},"mobile":{"background-color":"var(--ast-global-color-5)","background-image":"","background-repeat":"repeat","background-position":"center center","background-size":"auto","background-attachment":"scroll","background-type":"","background-media":"","overlay-type":"","overlay-color":"","overlay-opacity":"","overlay-gradient":""}}},"product_brand":[265],"product_cat":[53],"product_tag":[],"class_list":{"0":"post-775","1":"product","2":"type-product","3":"status-publish","4":"has-post-thumbnail","6":"product_brand-hatu","7":"product_cat-welna-owcza","8":"product_shipping_class-male-paczki","9":"desktop-align-center","10":"tablet-align-left","11":"mobile-align-left","13":"first","14":"instock","15":"taxable","16":"shipping-taxable","17":"purchasable","18":"product-type-variable","19":"has-default-attributes"},"_links":{"self":[{"href":"https:\/\/hatu.pl\/index.php\/wp-json\/wp\/v2\/product\/775","targetHints":{"allow":["GET"]}}],"collection":[{"href":"https:\/\/hatu.pl\/index.php\/wp-json\/wp\/v2\/product"}],"about":[{"href":"https:\/\/hatu.pl\/index.php\/wp-json\/wp\/v2\/types\/product"}],"replies":[{"embeddable":true,"href":"https:\/\/hatu.pl\/index.php\/wp-json\/wp\/v2\/comments?post=775"}],"version-history":[{"count":10,"href":"https:\/\/hatu.pl\/index.php\/wp-json\/wp\/v2\/product\/775\/revisions"}],"predecessor-version":[{"id":4783,"href":"https:\/\/hatu.pl\/index.php\/wp-json\/wp\/v2\/product\/775\/revisions\/4783"}],"wp:featuredmedia":[{"embeddable":true,"href":"https:\/\/hatu.pl\/index.php\/wp-json\/wp\/v2\/media\/773"}],"wp:attachment":[{"href":"https:\/\/hatu.pl\/index.php\/wp-json\/wp\/v2\/media?parent=775"}],"wp:term":[{"taxonomy":"product_brand","embeddable":true,"href":"https:\/\/hatu.pl\/index.php\/wp-json\/wp\/v2\/product_brand?post=775"},{"taxonomy":"product_cat","embeddable":true,"href":"https:\/\/hatu.pl\/index.php\/wp-json\/wp\/v2\/product_cat?post=775"},{"taxonomy":"product_tag","embeddable":true,"href":"https:\/\/hatu.pl\/index.php\/wp-json\/wp\/v2\/product_tag?post=775"}],"curies":[{"name":"wp","href":"https:\/\/api.w.org\/{rel}","templated":true}]}}